{"id":10,"date":"2023-01-01T00:00:36","date_gmt":"2023-01-01T03:00:36","guid":{"rendered":"https:\/\/luzziodonto.com.br\/educ\/?page_id=10"},"modified":"2023-12-14T09:21:22","modified_gmt":"2023-12-14T12:21:22","slug":"luzzi-educ","status":"publish","type":"page","link":"https:\/\/luzziodonto.com.br\/educ\/","title":{"rendered":"Luzzi Educ"},"content":{"rendered":"<h2>Bem-vindo \u00e0 Luzzi Educ. Somos uma escola odontol\u00f3gica, onde a excel\u00eancia se encontra com a paix\u00e3o pela Odontologia!<\/h2>\n<p>Estamos empolgados por t\u00ea-lo conosco nesta jornada educacional. Aqui, oferecemos n\u00e3o apenas conhecimento avan\u00e7ado, mas tamb\u00e9m uma comunidade dedicada \u00e0 promo\u00e7\u00e3o da sa\u00fade bucal e ao desenvolvimento profissional. Nosso objetivo \u00e9 aliar a t\u00e9cnica \u00e0 uma organiza\u00e7\u00e3o empresarial para a sua carreira. Explore nossos cursos, participe ativamente das atividades e descubra um ambiente que valoriza o aprendizado pr\u00e1tico e inovador. Prepare-se para mergulhar em experi\u00eancias transformadoras que moldar\u00e3o sua carreira odontol\u00f3gica. Seja parte desta comunidade comprometida com o sucesso e a excel\u00eancia em odontologia!<\/p>\n<blockquote><p><span style=\"font-weight: 400;\">Em breve, lan\u00e7aremos os cursos de 2024. Obrigada por estar aqui!<\/span><\/p><\/blockquote>\n","protected":false},"excerpt":{"rendered":"<p>Bem-vindo \u00e0 Luzzi Educ. Somos uma escola odontol\u00f3gica, onde a excel\u00eancia se encontra com a paix\u00e3o pela Odontologia! Estamos empolgados por t\u00ea-lo conosco nesta jornada educacional. Aqui, oferecemos n\u00e3o apenas conhecimento avan\u00e7ado, mas tamb\u00e9m uma comunidade dedicada \u00e0 promo\u00e7\u00e3o da sa\u00fade bucal e ao desenvolvimento profissional. Nosso objetivo \u00e9 aliar a t\u00e9cnica \u00e0 uma organiza\u00e7\u00e3o [&hellip;]<\/p>\n","protected":false},"author":1,"featured_media":17,"parent":0,"menu_order":1,"comment_status":"closed","ping_status":"closed","template":"_bem-vindo.php","meta":{"footnotes":"","_links_to":"","_links_to_target":""},"categories":[],"tags":[],"class_list":["post-10","page","type-page","status-publish","has-post-thumbnail","hentry"],"_links":{"self":[{"href":"https:\/\/luzziodonto.com.br\/educ\/wp-json\/wp\/v2\/pages\/10","targetHints":{"allow":["GET"]}}],"collection":[{"href":"https:\/\/luzziodonto.com.br\/educ\/wp-json\/wp\/v2\/pages"}],"about":[{"href":"https:\/\/luzziodonto.com.br\/educ\/wp-json\/wp\/v2\/types\/page"}],"author":[{"embeddable":true,"href":"https:\/\/luzziodonto.com.br\/educ\/wp-json\/wp\/v2\/users\/1"}],"replies":[{"embeddable":true,"href":"https:\/\/luzziodonto.com.br\/educ\/wp-json\/wp\/v2\/comments?post=10"}],"version-history":[{"count":4,"href":"https:\/\/luzziodonto.com.br\/educ\/wp-json\/wp\/v2\/pages\/10\/revisions"}],"predecessor-version":[{"id":18,"href":"https:\/\/luzziodonto.com.br\/educ\/wp-json\/wp\/v2\/pages\/10\/revisions\/18"}],"wp:featuredmedia":[{"embeddable":true,"href":"https:\/\/luzziodonto.com.br\/educ\/wp-json\/wp\/v2\/media\/17"}],"wp:attachment":[{"href":"https:\/\/luzziodonto.com.br\/educ\/wp-json\/wp\/v2\/media?parent=10"}],"wp:term":[{"taxonomy":"category","embeddable":true,"href":"https:\/\/luzziodonto.com.br\/educ\/wp-json\/wp\/v2\/categories?post=10"},{"taxonomy":"post_tag","embeddable":true,"href":"https:\/\/luzziodonto.com.br\/educ\/wp-json\/wp\/v2\/tags?post=10"}],"curies":[{"name":"wp","href":"https:\/\/api.w.org\/{rel}","templated":true}]}}