{"id":22,"date":"2023-12-14T09:42:13","date_gmt":"2023-12-14T12:42:13","guid":{"rendered":"https:\/\/luzziodonto.com.br\/educ\/?page_id=22"},"modified":"2023-12-14T09:48:47","modified_gmt":"2023-12-14T12:48:47","slug":"dra-luisa-valle","status":"publish","type":"page","link":"https:\/\/luzziodonto.com.br\/educ\/dra-luisa-valle\/","title":{"rendered":"Dra. Luisa Valle"},"content":{"rendered":"<h2><span style=\"font-weight: 400;\">Ol\u00e1, sou a <\/span><span style=\"font-weight: 400;\">Dra. Luisa Valle<\/span><span style=\"font-weight: 400;\">, e \u00e9 um prazer compartilhar um pouco sobre minha jornada na odontologia.<\/span><\/h2>\n<p><span style=\"font-weight: 400;\">Com vasta experi\u00eancia cl\u00ednica e acad\u00eamica, encontrei minha paix\u00e3o no ensino e na pesquisa odontol\u00f3gica, al\u00e9m da pr\u00e1tica cl\u00ednica. Ao longo dos anos, tenho dedicado meu tempo ao aprimoramento constante, buscando inova\u00e7\u00f5es que impactem positivamente a pr\u00e1tica odontol\u00f3gica. Meu objetivo \u00e9 inspirar e capacitar os futuros profissionais, promovendo a excel\u00eancia cl\u00ednica e a compreens\u00e3o abrangente da odontologia. Estou entusiasmada em fazer parte deste projeto e ansiosa para compartilhar conhecimentos que moldar\u00e3o o sucesso de nossos alunos. Bem-vindos \u00e0 emocionante jornada do conhecimento odontol\u00f3gico!<\/span><\/p>\n<ul>\n<li aria-level=\"1\">Cirurgi\u00e3-Dentista formada\u00a0 pela Universidade Federal de Juiz de Fora em 2012;<\/li>\n<li aria-level=\"1\">Especialista em Odontologia Legal pela Universidade Federal de Juiz de Fora;<\/li>\n<li aria-level=\"1\">Especialista em Pr\u00f3tese Dent\u00e1ria pela Universidade de S\u00e3o Paulo;<\/li>\n<li aria-level=\"1\">Especialista em Implantodontia pelo Instituto ARIA;<\/li>\n<li aria-level=\"1\">Mestre em Reabilita\u00e7\u00e3o Oral pela Universidade de S\u00e3o Paulo;<\/li>\n<li aria-level=\"1\">Doutora em Periodontia pela Universidade de S\u00e3o Paulo;<\/li>\n<li aria-level=\"1\">Dentista no Ex\u00e9rcito Brasileiro;<\/li>\n<li aria-level=\"1\">Experi\u00eancia em doc\u00eancia em faculdades de Odontologia;<\/li>\n<li aria-level=\"1\">Professora de p\u00f3s-gradua\u00e7\u00e3o\u00a0 no Instituto ARIA e Luzzi Educ.<\/li>\n<\/ul>\n","protected":false},"excerpt":{"rendered":"<p>Ol\u00e1, sou a Dra. Luisa Valle, e \u00e9 um prazer compartilhar um pouco sobre minha jornada na odontologia. Com vasta experi\u00eancia cl\u00ednica e acad\u00eamica, encontrei minha paix\u00e3o no ensino e na pesquisa odontol\u00f3gica, al\u00e9m da pr\u00e1tica cl\u00ednica. Ao longo dos anos, tenho dedicado meu tempo ao aprimoramento constante, buscando inova\u00e7\u00f5es que impactem positivamente a pr\u00e1tica [&hellip;]<\/p>\n","protected":false},"author":1,"featured_media":24,"parent":0,"menu_order":2,"comment_status":"closed","ping_status":"closed","template":"_quem-somos.php","meta":{"footnotes":"","_links_to":"","_links_to_target":""},"categories":[],"tags":[],"class_list":["post-22","page","type-page","status-publish","has-post-thumbnail","hentry"],"_links":{"self":[{"href":"https:\/\/luzziodonto.com.br\/educ\/wp-json\/wp\/v2\/pages\/22","targetHints":{"allow":["GET"]}}],"collection":[{"href":"https:\/\/luzziodonto.com.br\/educ\/wp-json\/wp\/v2\/pages"}],"about":[{"href":"https:\/\/luzziodonto.com.br\/educ\/wp-json\/wp\/v2\/types\/page"}],"author":[{"embeddable":true,"href":"https:\/\/luzziodonto.com.br\/educ\/wp-json\/wp\/v2\/users\/1"}],"replies":[{"embeddable":true,"href":"https:\/\/luzziodonto.com.br\/educ\/wp-json\/wp\/v2\/comments?post=22"}],"version-history":[{"count":2,"href":"https:\/\/luzziodonto.com.br\/educ\/wp-json\/wp\/v2\/pages\/22\/revisions"}],"predecessor-version":[{"id":25,"href":"https:\/\/luzziodonto.com.br\/educ\/wp-json\/wp\/v2\/pages\/22\/revisions\/25"}],"wp:featuredmedia":[{"embeddable":true,"href":"https:\/\/luzziodonto.com.br\/educ\/wp-json\/wp\/v2\/media\/24"}],"wp:attachment":[{"href":"https:\/\/luzziodonto.com.br\/educ\/wp-json\/wp\/v2\/media?parent=22"}],"wp:term":[{"taxonomy":"category","embeddable":true,"href":"https:\/\/luzziodonto.com.br\/educ\/wp-json\/wp\/v2\/categories?post=22"},{"taxonomy":"post_tag","embeddable":true,"href":"https:\/\/luzziodonto.com.br\/educ\/wp-json\/wp\/v2\/tags?post=22"}],"curies":[{"name":"wp","href":"https:\/\/api.w.org\/{rel}","templated":true}]}}