{"id":80,"date":"2023-01-01T00:00:58","date_gmt":"2023-01-01T03:00:58","guid":{"rendered":"https:\/\/luzziodonto.com.br\/educ\/?page_id=80"},"modified":"2023-12-14T13:25:16","modified_gmt":"2023-12-14T16:25:16","slug":"ensino-odontologico-em-brasilia-df","status":"publish","type":"page","link":"https:\/\/luzziodonto.com.br\/educ\/ensino-odontologico-em-brasilia-df\/","title":{"rendered":"Ensino Odontol\u00f3gico em Bras\u00edlia \u2013 DF"},"content":{"rendered":"<h2><span style=\"font-weight: 400;\">Nosso espa\u00e7o odontol\u00f3gico de ensino \u00e9 um ambiente din\u00e2mico e avan\u00e7ado, projetado para proporcionar uma experi\u00eancia educacional envolvente aos alunos.<\/span><\/h2>\n<p><span style=\"font-weight: 400;\">Equipado com tecnologia de ponta, dispomos de esta\u00e7\u00f5es de trabalho odontol\u00f3gicas modernas, permitindo que os alunos mergulhem em pr\u00e1ticas cl\u00ednicas realistas. Atividades laboratoriais cuidadosamente organizadas para facilitar a intera\u00e7\u00e3o e colabora\u00e7\u00e3o entre estudantes e instrutores. Nossas instala\u00e7\u00f5es incluem uma variedade de modelos odontol\u00f3gicos, simuladores de pacientes e instrumentos especializados para promover o aprendizado pr\u00e1tico. Al\u00e9m disso, valorizamos a seguran\u00e7a e o conforto, garantindo um ambiente prop\u00edcio para o desenvolvimento das habilidades cl\u00ednicas e a aplica\u00e7\u00e3o pr\u00e1tica do conhecimento te\u00f3rico. Este espa\u00e7o \u00e9 mais do que uma escola; \u00e9 um cen\u00e1rio educacional dedicado ao crescimento profissional e \u00e0 excel\u00eancia na pr\u00e1tica odontol\u00f3gica.<\/span><\/p>\n","protected":false},"excerpt":{"rendered":"<p>Nosso espa\u00e7o odontol\u00f3gico de ensino \u00e9 um ambiente din\u00e2mico e avan\u00e7ado, projetado para proporcionar uma experi\u00eancia educacional envolvente aos alunos. Equipado com tecnologia de ponta, dispomos de esta\u00e7\u00f5es de trabalho odontol\u00f3gicas modernas, permitindo que os alunos mergulhem em pr\u00e1ticas cl\u00ednicas realistas. Atividades laboratoriais cuidadosamente organizadas para facilitar a intera\u00e7\u00e3o e colabora\u00e7\u00e3o entre estudantes e instrutores. [&hellip;]<\/p>\n","protected":false},"author":1,"featured_media":81,"parent":0,"menu_order":4,"comment_status":"closed","ping_status":"closed","template":"_nosso-espaco.php","meta":{"footnotes":"","_links_to":"","_links_to_target":""},"categories":[],"tags":[],"class_list":["post-80","page","type-page","status-publish","has-post-thumbnail","hentry"],"_links":{"self":[{"href":"https:\/\/luzziodonto.com.br\/educ\/wp-json\/wp\/v2\/pages\/80","targetHints":{"allow":["GET"]}}],"collection":[{"href":"https:\/\/luzziodonto.com.br\/educ\/wp-json\/wp\/v2\/pages"}],"about":[{"href":"https:\/\/luzziodonto.com.br\/educ\/wp-json\/wp\/v2\/types\/page"}],"author":[{"embeddable":true,"href":"https:\/\/luzziodonto.com.br\/educ\/wp-json\/wp\/v2\/users\/1"}],"replies":[{"embeddable":true,"href":"https:\/\/luzziodonto.com.br\/educ\/wp-json\/wp\/v2\/comments?post=80"}],"version-history":[{"count":1,"href":"https:\/\/luzziodonto.com.br\/educ\/wp-json\/wp\/v2\/pages\/80\/revisions"}],"predecessor-version":[{"id":82,"href":"https:\/\/luzziodonto.com.br\/educ\/wp-json\/wp\/v2\/pages\/80\/revisions\/82"}],"wp:featuredmedia":[{"embeddable":true,"href":"https:\/\/luzziodonto.com.br\/educ\/wp-json\/wp\/v2\/media\/81"}],"wp:attachment":[{"href":"https:\/\/luzziodonto.com.br\/educ\/wp-json\/wp\/v2\/media?parent=80"}],"wp:term":[{"taxonomy":"category","embeddable":true,"href":"https:\/\/luzziodonto.com.br\/educ\/wp-json\/wp\/v2\/categories?post=80"},{"taxonomy":"post_tag","embeddable":true,"href":"https:\/\/luzziodonto.com.br\/educ\/wp-json\/wp\/v2\/tags?post=80"}],"curies":[{"name":"wp","href":"https:\/\/api.w.org\/{rel}","templated":true}]}}