{"id":87,"date":"2023-01-01T00:00:50","date_gmt":"2023-01-01T03:00:50","guid":{"rendered":"https:\/\/luzziodonto.com.br\/educ\/?page_id=87"},"modified":"2023-12-14T13:34:20","modified_gmt":"2023-12-14T16:34:20","slug":"fale-com-a-gente","status":"publish","type":"page","link":"https:\/\/luzziodonto.com.br\/educ\/fale-com-a-gente\/","title":{"rendered":"Fale com a gente!"},"content":{"rendered":"<h2><span style=\"font-weight: 400;\">Ficamos felizes com seu interesse na Luzzi Educ!<\/span><\/h2>\n<p><span style=\"font-weight: 400;\">Se voc\u00ea tem perguntas sobre nossos cursos, inscri\u00e7\u00f5es ou qualquer outra d\u00favida, por favor, preencha o formul\u00e1rio abaixo. Estamos aqui para fornecer informa\u00e7\u00f5es detalhadas, orienta\u00e7\u00e3o e ajud\u00e1-lo em sua jornada educacional. Aguardamos ansiosamente por seu contato e o potencial de t\u00ea-lo como parte da nossa comunidade acad\u00eamica dedicada \u00e0 excel\u00eancia em odontologia. Seu futuro na \u00e1rea odontol\u00f3gica come\u00e7a aqui!<\/span><\/p>\n<blockquote><p>Por tr\u00e1s de cada sorriso, n\u00f3s.<\/p><\/blockquote>\n","protected":false},"excerpt":{"rendered":"<p>Ficamos felizes com seu interesse na Luzzi Educ! Se voc\u00ea tem perguntas sobre nossos cursos, inscri\u00e7\u00f5es ou qualquer outra d\u00favida, por favor, preencha o formul\u00e1rio abaixo. Estamos aqui para fornecer informa\u00e7\u00f5es detalhadas, orienta\u00e7\u00e3o e ajud\u00e1-lo em sua jornada educacional. Aguardamos ansiosamente por seu contato e o potencial de t\u00ea-lo como parte da nossa comunidade acad\u00eamica [&hellip;]<\/p>\n","protected":false},"author":1,"featured_media":88,"parent":0,"menu_order":5,"comment_status":"closed","ping_status":"closed","template":"_fale-com-a-luzzi.php","meta":{"footnotes":"","_links_to":"","_links_to_target":""},"categories":[],"tags":[],"class_list":["post-87","page","type-page","status-publish","has-post-thumbnail","hentry"],"_links":{"self":[{"href":"https:\/\/luzziodonto.com.br\/educ\/wp-json\/wp\/v2\/pages\/87","targetHints":{"allow":["GET"]}}],"collection":[{"href":"https:\/\/luzziodonto.com.br\/educ\/wp-json\/wp\/v2\/pages"}],"about":[{"href":"https:\/\/luzziodonto.com.br\/educ\/wp-json\/wp\/v2\/types\/page"}],"author":[{"embeddable":true,"href":"https:\/\/luzziodonto.com.br\/educ\/wp-json\/wp\/v2\/users\/1"}],"replies":[{"embeddable":true,"href":"https:\/\/luzziodonto.com.br\/educ\/wp-json\/wp\/v2\/comments?post=87"}],"version-history":[{"count":1,"href":"https:\/\/luzziodonto.com.br\/educ\/wp-json\/wp\/v2\/pages\/87\/revisions"}],"predecessor-version":[{"id":89,"href":"https:\/\/luzziodonto.com.br\/educ\/wp-json\/wp\/v2\/pages\/87\/revisions\/89"}],"wp:featuredmedia":[{"embeddable":true,"href":"https:\/\/luzziodonto.com.br\/educ\/wp-json\/wp\/v2\/media\/88"}],"wp:attachment":[{"href":"https:\/\/luzziodonto.com.br\/educ\/wp-json\/wp\/v2\/media?parent=87"}],"wp:term":[{"taxonomy":"category","embeddable":true,"href":"https:\/\/luzziodonto.com.br\/educ\/wp-json\/wp\/v2\/categories?post=87"},{"taxonomy":"post_tag","embeddable":true,"href":"https:\/\/luzziodonto.com.br\/educ\/wp-json\/wp\/v2\/tags?post=87"}],"curies":[{"name":"wp","href":"https:\/\/api.w.org\/{rel}","templated":true}]}}